{"id":42,"date":"2026-02-25T14:58:01","date_gmt":"2026-02-25T07:58:01","guid":{"rendered":"https:\/\/cm88sss.com\/?page_id=42"},"modified":"2026-02-25T18:59:32","modified_gmt":"2026-02-25T11:59:32","slug":"trang-chu","status":"publish","type":"page","link":"https:\/\/cm88sss.com\/","title":{"rendered":"TRANG CH\u1ee6"},"content":{"rendered":"<div class=\"slider-wrapper relative\" id=\"slider-487626944\" >\n    <div class=\"slider slider-nav-circle slider-nav-large slider-nav-light slider-style-normal\"\n        data-flickity-options='{\n            \"cellAlign\": \"center\",\n            \"imagesLoaded\": true,\n            \"lazyLoad\": 1,\n            \"freeScroll\": false,\n            \"wrapAround\": true,\n            \"autoPlay\": 6000,\n            \"pauseAutoPlayOnHover\" : true,\n            \"prevNextButtons\": true,\n            \"contain\" : true,\n            \"adaptiveHeight\" : true,\n            \"dragThreshold\" : 10,\n            \"percentPosition\": true,\n            \"pageDots\": true,\n            \"rightToLeft\": false,\n            \"draggable\": true,\n            \"selectedAttraction\": 0.1,\n            \"parallax\" : 0,\n            \"friction\": 0.6        }'\n        >\n        \n\t<div class=\"img has-hover x md-x lg-x y md-y lg-y\" id=\"image_1235036883\">\n\t\t\t\t\t\t\t\t<div class=\"img-inner dark\" >\n\t\t\t<img loading=\"lazy\" decoding=\"async\" width=\"1470\" height=\"421\" src=\"https:\/\/cm88sss.com\/wp-content\/uploads\/2026\/02\/31819763.jpg\" class=\"attachment-original size-original\" alt=\"\" srcset=\"https:\/\/cm88sss.com\/wp-content\/uploads\/2026\/02\/31819763.jpg 1470w, https:\/\/cm88sss.com\/wp-content\/uploads\/2026\/02\/31819763-300x86.jpg 300w, https:\/\/cm88sss.com\/wp-content\/uploads\/2026\/02\/31819763-1024x293.jpg 1024w, https:\/\/cm88sss.com\/wp-content\/uploads\/2026\/02\/31819763-768x220.jpg 768w\" sizes=\"auto, (max-width: 1470px) 100vw, 1470px\" \/>\t\t\t\t\t\t\n\t\t\t\t\t<\/div>\n\t\t\t\t\t\t\t\t\n<style>\n#image_1235036883 {\n  width: 100%;\n}\n<\/style>\n\t<\/div>\n\t\n     <\/div>\n\n     <div class=\"loading-spin dark large centered\"><\/div>\n\n\t<\/div>\n\n\n\t<section class=\"section\" id=\"section_108854854\">\n\t\t<div class=\"bg section-bg fill bg-fill  bg-loaded\" >\n\n\t\t\t\n\t\t\t\n\t\t\t\n\n\t\t<\/div>\n\n\t\t\n\n\t\t<div class=\"section-content relative\">\n\t\t\t\n<div class=\"row\"  id=\"row-234109359\">\n\n\t<div id=\"col-672269377\" class=\"col small-12 large-12\"  >\n\t\t\t\t<div class=\"col-inner\"  >\n\t\t\t\n\t\t\t\n<h1 class=\"container section-title-container\" style=\"text-align: center;\"><strong>CM88 \u2013 \u0110i\u1ec3m \u0110\u1ebfn Gi\u1ea3i Tr\u00ed \u0110\u1eb3ng C\u1ea5p D\u00e0nh Cho Ng\u01b0\u1eddi Ch\u01a1i Hi\u1ec7n \u0110\u1ea1i<\/strong><\/h1>\n<div id=\"text-908850595\" class=\"text article-inner\">\n<p class=\"ds-markdown-paragraph\">Ra m\u1eaft th\u1ecb tr\u01b0\u1eddng Vi\u1ec7t v\u00e0o n\u0103m 2025,\u00a0<strong>CM88<\/strong>\u00a0nhanh ch\u00f3ng t\u1ea1o n\u00ean d\u1ea5u \u1ea5n m\u1ea1nh m\u1ebd nh\u01b0 m\u1ed9t \u0111i\u1ec3m \u0111\u1ebfn gi\u1ea3i tr\u00ed h\u00e0ng \u0111\u1ea7u. V\u1edbi ph\u01b0\u01a1ng ch\u00e2m ho\u1ea1t \u0111\u1ed9ng l\u1ea5y tr\u1ea3i nghi\u1ec7m ng\u01b0\u1eddi d\u00f9ng l\u00e0m tr\u1ecdng t\u00e2m, CM88 \u0111\u00e3 v\u00e0 \u0111ang x\u00e2y d\u1ef1ng m\u1ed9t c\u1ed9ng \u0111\u1ed3ng gi\u1ea3i tr\u00ed tr\u1ef1c tuy\u1ebfn v\u0103n minh, n\u01a1i m\u1ecdi ranh gi\u1edbi v\u1ec1 c\u00f4ng ngh\u1ec7 v\u00e0 d\u1ecbch v\u1ee5 \u0111\u01b0\u1ee3c x\u00f3a nh\u00f2a.<\/p>\n<h2 class=\"ds-markdown-paragraph\"><strong>H\u1ec7 Sinh Th\u00e1i Gi\u1ea3i Tr\u00ed Phong Ph\u00fa, S\u1ed1ng \u0110\u1ed9ng<\/strong><\/h2>\n<p class=\"ds-markdown-paragraph\">CM88 mang \u0111\u1ebfn m\u1ed9t v\u0169 tr\u1ee5 gi\u1ea3i tr\u00ed \u0111a d\u1ea1ng, \u0111\u00e1p \u1ee9ng m\u1ecdi nhu c\u1ea7u v\u00e0 gu th\u01b0\u1edfng th\u1ee9c c\u1ee7a ng\u01b0\u1eddi ch\u01a1i:<\/p>\n<ul>\n<li>\n<p class=\"ds-markdown-paragraph\"><strong>Th\u1ec3 thao nh\u1ed9n nh\u1ecbp:<\/strong>\u00a0Chuy\u00ean m\u1ee5c c\u00e1 c\u01b0\u1ee3c th\u1ec3 thao t\u1ea1i CM88 c\u1eadp nh\u1eadt li\u00ean t\u1ee5c t\u1ef7 l\u1ec7 k\u00e8o t\u1eeb c\u00e1c gi\u1ea3i \u0111\u1ea5u l\u1edbn nh\u1ecf tr\u00ean to\u00e0n c\u1ea7u, t\u1eeb Ngo\u1ea1i h\u1ea1ng Anh, La Liga \u0111\u1ebfn c\u00e1c gi\u1ea3i \u0111\u1ea5u trong khu v\u1ef1c. H\u1ec7 th\u1ed1ng ph\u00e2n t\u00edch d\u1eef li\u1ec7u chuy\u00ean s\u00e2u gi\u00fap ng\u01b0\u1eddi ch\u01a1i c\u00f3 c\u00e1i nh\u00ecn t\u1ed5ng quan tr\u01b0\u1edbc m\u1ed7i quy\u1ebft \u0111\u1ecbnh.<\/p>\n<\/li>\n<li>\n<p class=\"ds-markdown-paragraph\"><strong>Casino tr\u1ef1c ti\u1ebfp s\u1ed1ng \u0111\u1ed9ng:<\/strong>\u00a0S\u1ea3nh casino online c\u1ee7a CM88 t\u00e1i hi\u1ec7n kh\u00f4ng gian s\u00f2ng b\u00e0i qu\u1ed1c t\u1ebf \u0111\u00edch th\u1ef1c v\u1edbi \u0111\u1ed9i ng\u0169 Dealer xinh \u0111\u1eb9p, chuy\u00ean nghi\u1ec7p. C\u00e1c tr\u00f2 ch\u01a1i kinh \u0111i\u1ec3n nh\u01b0 Poker, Blackjack hay c\u00e1c bi\u1ebfn th\u1ec3 m\u1edbi l\u1ea1 c\u1ee7a Baccarat lu\u00f4n s\u1eb5n s\u00e0ng ph\u1ee5c v\u1ee5 24\/7.<\/p>\n<\/li>\n<li>\n<p class=\"ds-markdown-paragraph\"><strong>Kho game N\u1ed5 h\u0169 v\u00e0 B\u1eafn c\u00e1 \u0111\u1ec9nh cao:<\/strong>\u00a0N\u1ec1n t\u1ea3ng t\u00edch h\u1ee3p h\u00e0ng tr\u0103m t\u1ef1a game slot v\u1edbi ch\u1ee7 \u0111\u1ec1 \u0111a d\u1ea1ng t\u1eeb th\u1ea7n tho\u1ea1i, phi\u00eau l\u01b0u \u0111\u1ebfn c\u1ed5 \u0111i\u1ec3n. \u0110\u1eb7c bi\u1ec7t, m\u1ee5c B\u1eafn c\u00e1 3D \u0111\u01b0\u1ee3c \u0111\u1ea7u t\u01b0 \u0111\u1ed3 h\u1ecda ch\u00e2n th\u1ef1c, hi\u1ec7u \u1ee9ng \u00e1nh s\u00e1ng \u0111\u1eb9p m\u1eaft, mang l\u1ea1i c\u1ea3m gi\u00e1c th\u01b0 gi\u00e3n t\u1ed1i \u0111a.<\/p>\n<\/li>\n<li>\n<p class=\"ds-markdown-paragraph\"><strong>X\u1ed5 s\u1ed1 si\u00eau t\u1ed1c:<\/strong>\u00a0B\u00ean c\u1ea1nh x\u1ed5 s\u1ed1 truy\u1ec1n th\u1ed1ng, CM88 c\u00f2n ph\u00e1t tri\u1ec3n h\u00ecnh th\u1ee9c x\u1ed5 s\u1ed1 si\u00eau t\u1ed1c v\u1edbi t\u1ea7n su\u1ea5t quay th\u01b0\u1edfng li\u00ean t\u1ee5c, \u0111\u00e1p \u1ee9ng nhu c\u1ea7u gi\u1ea3i tr\u00ed t\u1ee9c th\u00ec c\u1ee7a ng\u01b0\u1eddi ch\u01a1i.<\/p>\n<\/li>\n<\/ul>\n<h2 class=\"ds-markdown-paragraph\"><strong>Tr\u1ea3i Nghi\u1ec7m M\u01b0\u1ee3t M\u00e0 Tr\u00ean M\u1ecdi Thi\u1ebft B\u1ecb<\/strong><\/h2>\n<p class=\"ds-markdown-paragraph\">CM88 ch\u00fa tr\u1ecdng \u0111\u1ea7u t\u01b0 v\u00e0o n\u1ec1n t\u1ea3ng c\u00f4ng ngh\u1ec7 \u0111\u1ec3 mang l\u1ea1i s\u1ef1 thu\u1eadn ti\u1ec7n t\u1ed1i \u0111a cho ng\u01b0\u1eddi d\u00f9ng:<\/p>\n<ul>\n<li>\n<p class=\"ds-markdown-paragraph\"><strong>T\u1ed1i \u01b0u h\u00f3a \u0111a n\u1ec1n t\u1ea3ng:<\/strong>\u00a0D\u00f9 b\u1ea1n \u0111ang s\u1eed d\u1ee5ng m\u00e1y t\u00ednh \u0111\u1ec3 b\u00e0n hay thi\u1ebft b\u1ecb di \u0111\u1ed9ng, giao di\u1ec7n CM88 v\u1eabn hi\u1ec3n th\u1ecb m\u01b0\u1ee3t m\u00e0, b\u1ed1 c\u1ee5c khoa h\u1ecdc v\u00e0 d\u1ec5 d\u00e0ng thao t\u00e1c.<\/p>\n<\/li>\n<li>\n<p class=\"ds-markdown-paragraph\"><strong>T\u1ed1c \u0111\u1ed9 x\u1eed l\u00fd v\u01b0\u1ee3t tr\u1ed9i:<\/strong>\u00a0H\u1ec7 th\u1ed1ng m\u00e1y ch\u1ee7 m\u1ea1nh m\u1ebd \u0111\u1ea3m b\u1ea3o m\u1ecdi thao t\u00e1c t\u1eeb \u0111\u0103ng nh\u1eadp, chuy\u1ec3n trang \u0111\u1ebfn t\u1ea3i game \u0111\u1ec1u di\u1ec5n ra trong t\u00edch t\u1eafc, kh\u00f4ng gi\u1eadt lag.<\/p>\n<\/li>\n<li>\n<p class=\"ds-markdown-paragraph\"><strong>Giao d\u1ecbch \u0111a d\u1ea1ng:<\/strong>\u00a0CM88 h\u1ed7 tr\u1ee3 k\u1ebft n\u1ed1i v\u1edbi h\u1ea7u h\u1ebft c\u00e1c ng\u00e2n h\u00e0ng n\u1ed9i \u0111\u1ecba v\u00e0 v\u00ed \u0111i\u1ec7n t\u1eed ph\u1ed5 bi\u1ebfn. Quy tr\u00ecnh n\u1ea1p\/r\u00fat ti\u1ec1n \u0111\u01b0\u1ee3c tinh g\u1ecdn v\u1edbi thao t\u00e1c \u0111\u01a1n gi\u1ea3n, th\u1eddi gian x\u1eed l\u00fd nhanh ch\u00f3ng ch\u1ec9 t\u1eeb 1-3 ph\u00fat, gi\u00fap b\u1ea1n ho\u00e0n to\u00e0n ch\u1ee7 \u0111\u1ed9ng v\u1edbi t\u00e0i kho\u1ea3n c\u1ee7a m\u00ecnh.<\/p>\n<\/li>\n<li>\n<p class=\"ds-markdown-paragraph\"><strong>B\u1ea3o m\u1eadt h\u00e0ng \u0111\u1ea7u:<\/strong>\u00a0M\u1ecdi th\u00f4ng tin c\u00e1 nh\u00e2n v\u00e0 l\u1ecbch s\u1eed giao d\u1ecbch \u0111\u1ec1u \u0111\u01b0\u1ee3c b\u1ea3o v\u1ec7 tuy\u1ec7t \u0111\u1ed1i b\u1edfi t\u01b0\u1eddng l\u1eeda b\u1ea3o m\u1eadt nhi\u1ec1u l\u1edbp v\u00e0 giao th\u1ee9c m\u00e3 h\u00f3a ti\u00ean ti\u1ebfn, t\u1ea1o n\u00ean m\u1ed9t m\u00f4i tr\u01b0\u1eddng gi\u1ea3i tr\u00ed an to\u00e0n, minh b\u1ea1ch.<\/p>\n<\/li>\n<\/ul>\n<\/div>\n\t\t<\/div>\n\t\t\t\t\t<\/div>\n\n\t\n<\/div>\n\t\t<\/div>\n\n\t\t\n<style>\n#section_108854854 {\n  padding-top: 30px;\n  padding-bottom: 30px;\n}\n<\/style>\n\t<\/section>\n\t\n","protected":false},"excerpt":{"rendered":"","protected":false},"author":1,"featured_media":0,"parent":0,"menu_order":0,"comment_status":"closed","ping_status":"closed","template":"page-blank.php","meta":{"footnotes":""},"class_list":["post-42","page","type-page","status-publish","hentry"],"_links":{"self":[{"href":"https:\/\/cm88sss.com\/index.php\/wp-json\/wp\/v2\/pages\/42","targetHints":{"allow":["GET"]}}],"collection":[{"href":"https:\/\/cm88sss.com\/index.php\/wp-json\/wp\/v2\/pages"}],"about":[{"href":"https:\/\/cm88sss.com\/index.php\/wp-json\/wp\/v2\/types\/page"}],"author":[{"embeddable":true,"href":"https:\/\/cm88sss.com\/index.php\/wp-json\/wp\/v2\/users\/1"}],"replies":[{"embeddable":true,"href":"https:\/\/cm88sss.com\/index.php\/wp-json\/wp\/v2\/comments?post=42"}],"version-history":[{"count":9,"href":"https:\/\/cm88sss.com\/index.php\/wp-json\/wp\/v2\/pages\/42\/revisions"}],"predecessor-version":[{"id":58,"href":"https:\/\/cm88sss.com\/index.php\/wp-json\/wp\/v2\/pages\/42\/revisions\/58"}],"wp:attachment":[{"href":"https:\/\/cm88sss.com\/index.php\/wp-json\/wp\/v2\/media?parent=42"}],"curies":[{"name":"wp","href":"https:\/\/api.w.org\/{rel}","templated":true}]}}